{"id":6601,"date":"2021-12-23T07:22:31","date_gmt":"2021-12-23T05:22:31","guid":{"rendered":"https:\/\/esports.massola.com\/contacts\/"},"modified":"2022-11-10T11:56:14","modified_gmt":"2022-11-10T09:56:14","slug":"contacte","status":"publish","type":"page","link":"https:\/\/esports.massola.com\/es\/contacte\/","title":{"rendered":"Contacto"},"content":{"rendered":"\t\t<div data-elementor-type=\"wp-page\" data-elementor-id=\"6601\" class=\"elementor elementor-6601 elementor-2043\">\n\t\t\t\t\t\t\t\t\t<section class=\"elementor-section elementor-top-section elementor-element elementor-element-ba4d05f elementor-section-boxed elementor-section-height-default elementor-section-height-default\" data-id=\"ba4d05f\" data-element_type=\"section\">\n\t\t\t\t\t\t<div class=\"elementor-container elementor-column-gap-default\">\n\t\t\t\t\t<div class=\"elementor-column elementor-col-100 elementor-top-column elementor-element elementor-element-adea21c\" data-id=\"adea21c\" data-element_type=\"column\">\n\t\t\t<div class=\"elementor-widget-wrap elementor-element-populated\">\n\t\t\t\t\t\t\t\t<div class=\"elementor-element elementor-element-be591f2 elementor-widget elementor-widget-spacer\" data-id=\"be591f2\" data-element_type=\"widget\" data-widget_type=\"spacer.default\">\n\t\t\t\t<div class=\"elementor-widget-container\">\n\t\t\t\t\t<div class=\"elementor-spacer\">\n\t\t\t<div class=\"elementor-spacer-inner\"><\/div>\n\t\t<\/div>\n\t\t\t\t<\/div>\n\t\t\t\t<\/div>\n\t\t\t\t\t<\/div>\n\t\t<\/div>\n\t\t\t\t\t\t\t<\/div>\n\t\t<\/section>\n\t\t\t\t<section class=\"elementor-section elementor-top-section elementor-element elementor-element-3bdccba elementor-section-boxed elementor-section-height-default elementor-section-height-default\" data-id=\"3bdccba\" data-element_type=\"section\">\n\t\t\t\t\t\t<div class=\"elementor-container elementor-column-gap-default\">\n\t\t\t\t\t<div class=\"elementor-column elementor-col-50 elementor-top-column elementor-element elementor-element-31f0669\" data-id=\"31f0669\" data-element_type=\"column\">\n\t\t\t<div class=\"elementor-widget-wrap elementor-element-populated\">\n\t\t\t\t\t\t\t\t<div class=\"elementor-element elementor-element-a8635b7 aleft elementor-widget elementor-widget-wgl-double-heading\" data-id=\"a8635b7\" data-element_type=\"widget\" data-widget_type=\"wgl-double-heading.default\">\n\t\t\t\t<div class=\"elementor-widget-container\">\n\t\t\t<div class=\"wgl-double-heading\"><h2 class=\"dblh__title-wrapper\"><span class=\"dblh__title dblh__title-1\">Contacta con nosotros<\/span><\/h2><\/div>\t\t<\/div>\n\t\t\t\t<\/div>\n\t\t\t\t<div class=\"elementor-element elementor-element-df6ce81 elementor-widget elementor-widget-text-editor\" data-id=\"df6ce81\" data-element_type=\"widget\" data-widget_type=\"text-editor.default\">\n\t\t\t\t<div class=\"elementor-widget-container\">\n\t\t\t\t\t\t\t<p>Para m\u00e1s informaci\u00f3n contactar con nosotros, os prepararemos un paquete a medida de vuestras necesidades.<\/p>\t\t\t\t\t\t<\/div>\n\t\t\t\t<\/div>\n\t\t\t\t<section class=\"elementor-section elementor-inner-section elementor-element elementor-element-693b973 elementor-section-boxed elementor-section-height-default elementor-section-height-default\" data-id=\"693b973\" data-element_type=\"section\">\n\t\t\t\t\t\t<div class=\"elementor-container elementor-column-gap-no\">\n\t\t\t\t\t<div class=\"elementor-column elementor-col-100 elementor-inner-column elementor-element elementor-element-3af98d0\" data-id=\"3af98d0\" data-element_type=\"column\">\n\t\t\t<div class=\"elementor-widget-wrap elementor-element-populated\">\n\t\t\t\t\t\t\t\t<div class=\"elementor-element elementor-element-28f8f18 elementor-widget elementor-widget-heading\" data-id=\"28f8f18\" data-element_type=\"widget\" data-widget_type=\"heading.default\">\n\t\t\t\t<div class=\"elementor-widget-container\">\n\t\t\t<h2 class=\"elementor-heading-title elementor-size-default\">ESTAMOS AQU\u00cd<\/h2>\t\t<\/div>\n\t\t\t\t<\/div>\n\t\t\t\t<div class=\"elementor-element elementor-element-6743857 elementor-widget elementor-widget-text-editor\" data-id=\"6743857\" data-element_type=\"widget\" data-widget_type=\"text-editor.default\">\n\t\t\t\t<div class=\"elementor-widget-container\">\n\t\t\t\t\t\t\t<p><a style=\"color:#000;\" href=\"https:\/\/www.google.es\/maps\/place\/Hotel+Mas+Sol%C3%A0\/@41.8493675,2.6863227,17z\/data=!3m1!5s0x12bb26d7e20dc3c3:0xd802eacb04b90a02!4m12!1m2!2m1!1sCrta.+Sils+Km+2+,+17430+Santa+Coloma+de+Farners+(GIRONA)!3m8!1s0x12bb2719bd7f3335:0x7ef59e84bae6eb05!5m2!4m1!1i2!8m2!3d41.8485855!4d2.6895564!15sCjhDcnRhLiBTaWxzIEttIDIgLCAxNzQzMCBTYW50YSBDb2xvbWEgZGUgRmFybmVycyAoR0lST05BKVo1IjNjcnRhIHNpbHMga20gMiAxNzQzMCBzYW50YSBjb2xvbWEgZGUgZmFybmVycyBnaXJvbmGSAQVob3RlbOABAA?hl=es\"><span>Crta. Sils Km 2 , 17430 Santa Coloma de Farners (GIRONA)<\/span><\/a><\/p>\n\t\t\t\t\t\t<\/div>\n\t\t\t\t<\/div>\n\t\t\t\t\t<\/div>\n\t\t<\/div>\n\t\t\t\t\t\t\t<\/div>\n\t\t<\/section>\n\t\t\t\t<section class=\"elementor-section elementor-inner-section elementor-element elementor-element-c49dffe elementor-section-boxed elementor-section-height-default elementor-section-height-default\" data-id=\"c49dffe\" data-element_type=\"section\">\n\t\t\t\t\t\t<div class=\"elementor-container elementor-column-gap-no\">\n\t\t\t\t\t<div class=\"elementor-column elementor-col-100 elementor-inner-column elementor-element elementor-element-e6cfa7e\" data-id=\"e6cfa7e\" data-element_type=\"column\">\n\t\t\t<div class=\"elementor-widget-wrap elementor-element-populated\">\n\t\t\t\t\t\t\t\t<div class=\"elementor-element elementor-element-5b993b1 elementor-widget elementor-widget-heading\" data-id=\"5b993b1\" data-element_type=\"widget\" data-widget_type=\"heading.default\">\n\t\t\t\t<div class=\"elementor-widget-container\">\n\t\t\t<h2 class=\"elementor-heading-title elementor-size-default\">TEL\u00c9FONO<\/h2>\t\t<\/div>\n\t\t\t\t<\/div>\n\t\t\t\t<div class=\"elementor-element elementor-element-02e6d3d hover_links white elementor-widget elementor-widget-text-editor\" data-id=\"02e6d3d\" data-element_type=\"widget\" data-widget_type=\"text-editor.default\">\n\t\t\t\t<div class=\"elementor-widget-container\">\n\t\t\t\t\t\t\t<p><a href=\"tel:+34972840848\">+34 972 840 848<\/a><\/p>\n\t\t\t\t\t\t<\/div>\n\t\t\t\t<\/div>\n\t\t\t\t\t<\/div>\n\t\t<\/div>\n\t\t\t\t\t\t\t<\/div>\n\t\t<\/section>\n\t\t\t\t<section class=\"elementor-section elementor-inner-section elementor-element elementor-element-ab3b90d elementor-section-boxed elementor-section-height-default elementor-section-height-default\" data-id=\"ab3b90d\" data-element_type=\"section\">\n\t\t\t\t\t\t<div class=\"elementor-container elementor-column-gap-no\">\n\t\t\t\t\t<div class=\"elementor-column elementor-col-100 elementor-inner-column elementor-element elementor-element-d775f0e\" data-id=\"d775f0e\" data-element_type=\"column\">\n\t\t\t<div class=\"elementor-widget-wrap elementor-element-populated\">\n\t\t\t\t\t\t\t\t<div class=\"elementor-element elementor-element-ae55701 elementor-widget elementor-widget-heading\" data-id=\"ae55701\" data-element_type=\"widget\" data-widget_type=\"heading.default\">\n\t\t\t\t<div class=\"elementor-widget-container\">\n\t\t\t<h2 class=\"elementor-heading-title elementor-size-default\">MAIL<\/h2>\t\t<\/div>\n\t\t\t\t<\/div>\n\t\t\t\t<div class=\"elementor-element elementor-element-915222f elementor-widget elementor-widget-text-editor\" data-id=\"915222f\" data-element_type=\"widget\" data-widget_type=\"text-editor.default\">\n\t\t\t\t<div class=\"elementor-widget-container\">\n\t\t\t\t\t\t\t<p><a style=\"color: #000;\" href=\"mailto:sports@massola.com\">sports@massola.com<\/a><\/p>\n\t\t\t\t\t\t<\/div>\n\t\t\t\t<\/div>\n\t\t\t\t\t<\/div>\n\t\t<\/div>\n\t\t\t\t\t\t\t<\/div>\n\t\t<\/section>\n\t\t\t\t<section class=\"elementor-section elementor-inner-section elementor-element elementor-element-9aa0fdd elementor-section-boxed elementor-section-height-default elementor-section-height-default\" data-id=\"9aa0fdd\" data-element_type=\"section\">\n\t\t\t\t\t\t<div class=\"elementor-container elementor-column-gap-no\">\n\t\t\t\t\t<div class=\"elementor-column elementor-col-100 elementor-inner-column elementor-element elementor-element-f9a6f1d\" data-id=\"f9a6f1d\" data-element_type=\"column\">\n\t\t\t<div class=\"elementor-widget-wrap elementor-element-populated\">\n\t\t\t\t\t\t\t\t<div class=\"elementor-element elementor-element-1c429ac elementor-shape-circle elementor-widget elementor-widget-wgl-social-icons\" data-id=\"1c429ac\" data-element_type=\"widget\" data-widget_type=\"wgl-social-icons.default\">\n\t\t\t\t<div class=\"elementor-widget-container\">\n\t\t\t<div class=\"wgl-social-icons elementor-social-icons-wrapper\"><a class=\"elementor-icon elementor-social-icon elementor-social-icon-instagram elementor-repeater-item-8c62a5a\" href=\"https:\/\/www.instagram.com\/hotelmassola\/\" target=\"_blank\" title=\"Instagram\"><span class=\"elementor-screen-only\">Instagram<\/span><i class=\"fab fa-instagram\"><\/i><\/a><\/div>\t\t<\/div>\n\t\t\t\t<\/div>\n\t\t\t\t\t<\/div>\n\t\t<\/div>\n\t\t\t\t\t\t\t<\/div>\n\t\t<\/section>\n\t\t\t\t\t<\/div>\n\t\t<\/div>\n\t\t\t\t<div class=\"elementor-column elementor-col-50 elementor-top-column elementor-element elementor-element-61253cd\" data-id=\"61253cd\" data-element_type=\"column\" data-settings=\"{&quot;background_background&quot;:&quot;classic&quot;}\">\n\t\t\t<div class=\"elementor-widget-wrap elementor-element-populated\">\n\t\t\t\t\t\t\t\t<div class=\"elementor-element elementor-element-def69fe aleft elementor-widget elementor-widget-wgl-contact-form-7\" data-id=\"def69fe\" data-element_type=\"widget\" data-widget_type=\"wgl-contact-form-7.default\">\n\t\t\t\t<div class=\"elementor-widget-container\">\n\t\t\t<div class=\"wgl-contact-form-7\">\n<div class=\"wpcf7 no-js\" id=\"wpcf7-f6625-o1\" lang=\"es-ES\" dir=\"ltr\">\n<div class=\"screen-reader-response\"><p role=\"status\" aria-live=\"polite\" aria-atomic=\"true\"><\/p> <ul><\/ul><\/div>\n<form action=\"\/es\/wp-json\/wp\/v2\/pages\/6601#wpcf7-f6625-o1\" method=\"post\" class=\"wpcf7-form init\" aria-label=\"Formulario de contacto\" novalidate=\"novalidate\" data-status=\"init\">\n<div style=\"display: none;\">\n<input type=\"hidden\" name=\"_wpcf7\" value=\"6625\" \/>\n<input type=\"hidden\" name=\"_wpcf7_version\" value=\"5.7.7\" \/>\n<input type=\"hidden\" name=\"_wpcf7_locale\" value=\"es_ES\" \/>\n<input type=\"hidden\" name=\"_wpcf7_unit_tag\" value=\"wpcf7-f6625-o1\" \/>\n<input type=\"hidden\" name=\"_wpcf7_container_post\" value=\"0\" \/>\n<input type=\"hidden\" name=\"_wpcf7_posted_data_hash\" value=\"\" \/>\n<input type=\"hidden\" name=\"_wpcf7_recaptcha_response\" value=\"\" \/>\n<\/div>\n<div class='row'>\n\t<div class='wgl_col-12'>\n\t\t<p><span class=\"wpcf7-form-control-wrap\" data-name=\"label-name\"><input size=\"40\" class=\"wpcf7-form-control wpcf7-text wpcf7-validates-as-required\" aria-required=\"true\" aria-invalid=\"false\" placeholder=\"Nombre *\" value=\"\" type=\"text\" name=\"label-name\" \/><\/span>\n\t\t<\/p>\n\t<\/div>\n\t<div class='wgl_col-12'>\n\t\t<p><span class=\"wpcf7-form-control-wrap\" data-name=\"label-mail\"><input size=\"40\" class=\"wpcf7-form-control wpcf7-text wpcf7-email wpcf7-validates-as-required wpcf7-validates-as-email\" aria-required=\"true\" aria-invalid=\"false\" placeholder=\"Email *\" value=\"\" type=\"email\" name=\"label-mail\" \/><\/span>\n\t\t<\/p>\n\t<\/div>\n\t<div class='wgl_col-12'>\n\t\t<p><span class=\"wpcf7-form-control-wrap\" data-name=\"label-textarea\"><textarea cols=\"40\" rows=\"10\" class=\"wpcf7-form-control wpcf7-textarea\" aria-invalid=\"false\" placeholder=\"Mensaje\" name=\"label-textarea\"><\/textarea><\/span>\n\t\t<\/p>\n\t<\/div>\n\t<div class='wgl_col-12 checkbox'>\n\t\t<p><span class=\"wpcf7-form-control-wrap\" data-name=\"acceptance-738\"><span class=\"wpcf7-form-control wpcf7-acceptance\"><span class=\"wpcf7-list-item\"><label><input type=\"checkbox\" name=\"acceptance-738\" value=\"1\" aria-invalid=\"false\" \/><span class=\"wpcf7-list-item-label\">He le\u00eddo y acepto la pol\u00edtica de privacidad<\/span><\/label><\/span><\/span><\/span>\n\t\t<\/p>\n\t<\/div>\n\t<div class='wgl_col-12 checkbox'>\n\t\t<p><span class=\"wpcf7-form-control-wrap\" data-name=\"acceptance-739\"><span class=\"wpcf7-form-control wpcf7-acceptance optional\"><span class=\"wpcf7-list-item\"><label><input type=\"checkbox\" name=\"acceptance-739\" value=\"1\" aria-invalid=\"false\" \/><span class=\"wpcf7-list-item-label\">Acepto recibir comunicaciones por parte de la empresa gestora sel sitio web<\/span><\/label><\/span><\/span><\/span>\n\t\t<\/p>\n\t<\/div>\n\t<div class='wgl_col-12'>\n\t\t<p><input class=\"wpcf7-form-control has-spinner wpcf7-submit\" type=\"submit\" value=\"Enviar\" \/>\n\t\t<\/p>\n\t<\/div>\n<\/div><div class=\"wpcf7-response-output\" aria-hidden=\"true\"><\/div>\n<\/form>\n<\/div>\n<\/div>\t\t<\/div>\n\t\t\t\t<\/div>\n\t\t\t\t<div class=\"elementor-element elementor-element-e745eef elementor-widget elementor-widget-text-editor\" data-id=\"e745eef\" data-element_type=\"widget\" data-widget_type=\"text-editor.default\">\n\t\t\t\t<div class=\"elementor-widget-container\">\n\t\t\t\t\t\t\t<span style=\"color: #fff; font-size: 11px; line-height: 1;\">De conformidad con lo que establece la normativa vigente en Protecci\u00f3n de Datos de car\u00e1cter Personal, le informamos que sus datos ser\u00e1n incorporados al sistema de tratamiento titularidad de Mas Sol\u00e0 con domicilio social situado en Ctra. Sils Km 2, 17430 Santa Coloma de farners (Girona), con la finalidad de atender sus consultas. En cumplimiento con la normativa vigente, Mas Sol\u00e0 informa que los datos ser\u00e1n conservados durante el plazo estrictamente necesario para cumplir con los preceptos mencionados anteriormente. Le informamos que el tratamiento de sus datos est\u00e1 legitimado por su consentimiento. Mas Sol\u00e0 informa que proceder\u00e1 a tratar sus datos de manera l\u00edcita, leal, transparente, adecuada, pertinente, limitada, exacta y actualizada. Es por esto que Mas Sol\u00e0 se compromete a adoptar todas las medidas razonables para que \u00e9stos se supriman o se rectifiquen sin dilaci\u00f3n cuando sean inexactos. De acuerdo con los derechos que le confieren en la normativa vigente en protecci\u00f3n de datos podr\u00e1 ejercer los derechos de acceso, rectificaci\u00f3n, limitaci\u00f3n de tratamiento, supresi\u00f3n, portabilidad y oposici\u00f3n al tratamiento de sus datos de car\u00e1cter personal as\u00ed como del consentimiento prestado para el tratamiento de los mismos, dirigiendo su petici\u00f3n a la direcci\u00f3n postal indicada m\u00e1s arriba o al correo electr\u00f3nica massola@massola.com. Podr\u00e1 dirigirse a la Autoridad de Control competente para presentar la reclamaci\u00f3n que considere oportuna. El env\u00edo de estos datos implica la aceptaci\u00f3n de esta cl\u00e1usula.<\/span>\t\t\t\t\t\t<\/div>\n\t\t\t\t<\/div>\n\t\t\t\t\t<\/div>\n\t\t<\/div>\n\t\t\t\t\t\t\t<\/div>\n\t\t<\/section>\n\t\t\t\t<section class=\"elementor-section elementor-top-section elementor-element elementor-element-f1cb538 elementor-section-boxed elementor-section-height-default elementor-section-height-default\" data-id=\"f1cb538\" data-element_type=\"section\">\n\t\t\t\t\t\t<div class=\"elementor-container elementor-column-gap-default\">\n\t\t\t\t\t<div class=\"elementor-column elementor-col-100 elementor-top-column elementor-element elementor-element-8b7b51a\" data-id=\"8b7b51a\" data-element_type=\"column\">\n\t\t\t<div class=\"elementor-widget-wrap elementor-element-populated\">\n\t\t\t\t\t\t\t\t<div class=\"elementor-element elementor-element-7cf2754 elementor-widget elementor-widget-spacer\" data-id=\"7cf2754\" data-element_type=\"widget\" data-widget_type=\"spacer.default\">\n\t\t\t\t<div class=\"elementor-widget-container\">\n\t\t\t\t\t<div class=\"elementor-spacer\">\n\t\t\t<div class=\"elementor-spacer-inner\"><\/div>\n\t\t<\/div>\n\t\t\t\t<\/div>\n\t\t\t\t<\/div>\n\t\t\t\t\t<\/div>\n\t\t<\/div>\n\t\t\t\t\t\t\t<\/div>\n\t\t<\/section>\n\t\t\t\t<section class=\"elementor-section elementor-top-section elementor-element elementor-element-c921dbe elementor-section-full_width elementor-section-height-default elementor-section-height-default\" data-id=\"c921dbe\" data-element_type=\"section\">\n\t\t\t\t\t\t<div class=\"elementor-container elementor-column-gap-default\">\n\t\t\t\t\t<div class=\"elementor-column elementor-col-100 elementor-top-column elementor-element elementor-element-07f8ab6\" data-id=\"07f8ab6\" data-element_type=\"column\">\n\t\t\t<div class=\"elementor-widget-wrap elementor-element-populated\">\n\t\t\t\t\t\t\t\t<div class=\"elementor-element elementor-element-5e914c8 elementor-widget elementor-widget-google_maps\" data-id=\"5e914c8\" data-element_type=\"widget\" data-widget_type=\"google_maps.default\">\n\t\t\t\t<div class=\"elementor-widget-container\">\n\t\t\t\t\t<div class=\"elementor-custom-embed\">\n\t\t\t<iframe loading=\"lazy\"\n\t\t\t\t\tsrc=\"https:\/\/maps.google.com\/maps?q=Crta.%20Sils%20Km%202%20%2C%2017430%20Santa%20Coloma%20de%20Farners%20%28GIRONA%29&#038;t=m&#038;z=11&#038;output=embed&#038;iwloc=near\"\n\t\t\t\t\ttitle=\"Crta. Sils Km 2 , 17430 Santa Coloma de Farners (GIRONA)\"\n\t\t\t\t\taria-label=\"Crta. Sils Km 2 , 17430 Santa Coloma de Farners (GIRONA)\"\n\t\t\t><\/iframe>\n\t\t<\/div>\n\t\t\t\t<\/div>\n\t\t\t\t<\/div>\n\t\t\t\t\t<\/div>\n\t\t<\/div>\n\t\t\t\t\t\t\t<\/div>\n\t\t<\/section>\n\t\t\t\t\t\t\t<\/div>\n\t\t","protected":false},"excerpt":{"rendered":"<p>Contacta con nosotros Para m\u00e1s informaci\u00f3n contactar con nosotros, os prepararemos un paquete a medida de vuestras necesidades. ESTAMOS AQU\u00cd Crta. Sils Km 2 , 17430 Santa Coloma de Farners (GIRONA) TEL\u00c9FONO +34 972 840 848 MAIL sports@massola.com Instagram He llegit i accepto la pol\u00edtica de privacitat Accepto rebre comunicacions per part de lempresa gestora [&hellip;]<\/p>\n","protected":false},"author":1,"featured_media":0,"parent":0,"menu_order":0,"comment_status":"closed","ping_status":"closed","template":"","meta":{"footnotes":""},"class_list":["post-6601","page","type-page","status-publish","hentry"],"yoast_head":"<!-- This site is optimized with the Yoast SEO plugin v24.9 - https:\/\/yoast.com\/wordpress\/plugins\/seo\/ -->\n<title>Contacto - Esports Mas Sol\u00e0<\/title>\n<meta name=\"robots\" content=\"index, follow, max-snippet:-1, max-image-preview:large, max-video-preview:-1\" \/>\n<link rel=\"canonical\" href=\"https:\/\/esports.massola.com\/es\/contacte\/\" \/>\n<meta property=\"og:locale\" content=\"es_ES\" \/>\n<meta property=\"og:type\" content=\"article\" \/>\n<meta property=\"og:title\" content=\"Contacto - Esports Mas Sol\u00e0\" \/>\n<meta property=\"og:description\" content=\"Contacta con nosotros Para m\u00e1s informaci\u00f3n contactar con nosotros, os prepararemos un paquete a medida de vuestras necesidades. ESTAMOS AQU\u00cd Crta. Sils Km 2 , 17430 Santa Coloma de Farners (GIRONA) TEL\u00c9FONO +34 972 840 848 MAIL sports@massola.com Instagram He llegit i accepto la pol\u00edtica de privacitat Accepto rebre comunicacions per part de lempresa gestora [&hellip;]\" \/>\n<meta property=\"og:url\" content=\"https:\/\/esports.massola.com\/es\/contacte\/\" \/>\n<meta property=\"og:site_name\" content=\"Esports Mas Sol\u00e0\" \/>\n<meta property=\"article:modified_time\" content=\"2022-11-10T09:56:14+00:00\" \/>\n<meta name=\"twitter:card\" content=\"summary_large_image\" \/>\n<meta name=\"twitter:label1\" content=\"Tiempo de lectura\" \/>\n\t<meta name=\"twitter:data1\" content=\"2 minutos\" \/>\n<script type=\"application\/ld+json\" class=\"yoast-schema-graph\">{\"@context\":\"https:\/\/schema.org\",\"@graph\":[{\"@type\":\"WebPage\",\"@id\":\"https:\/\/esports.massola.com\/es\/contacte\/\",\"url\":\"https:\/\/esports.massola.com\/es\/contacte\/\",\"name\":\"Contacto - Esports Mas Sol\u00e0\",\"isPartOf\":{\"@id\":\"https:\/\/esports.massola.com\/#website\"},\"datePublished\":\"2021-12-23T05:22:31+00:00\",\"dateModified\":\"2022-11-10T09:56:14+00:00\",\"breadcrumb\":{\"@id\":\"https:\/\/esports.massola.com\/es\/contacte\/#breadcrumb\"},\"inLanguage\":\"es\",\"potentialAction\":[{\"@type\":\"ReadAction\",\"target\":[\"https:\/\/esports.massola.com\/es\/contacte\/\"]}]},{\"@type\":\"BreadcrumbList\",\"@id\":\"https:\/\/esports.massola.com\/es\/contacte\/#breadcrumb\",\"itemListElement\":[{\"@type\":\"ListItem\",\"position\":1,\"name\":\"Portada\",\"item\":\"https:\/\/esports.massola.com\/es\/\"},{\"@type\":\"ListItem\",\"position\":2,\"name\":\"Contacto\"}]},{\"@type\":\"WebSite\",\"@id\":\"https:\/\/esports.massola.com\/#website\",\"url\":\"https:\/\/esports.massola.com\/\",\"name\":\"Esports Mas Sol\u00e0\",\"description\":\"Mas Sol\u00e0 Club Esportiu\",\"potentialAction\":[{\"@type\":\"SearchAction\",\"target\":{\"@type\":\"EntryPoint\",\"urlTemplate\":\"https:\/\/esports.massola.com\/?s={search_term_string}\"},\"query-input\":{\"@type\":\"PropertyValueSpecification\",\"valueRequired\":true,\"valueName\":\"search_term_string\"}}],\"inLanguage\":\"es\"}]}<\/script>\n<!-- \/ Yoast SEO plugin. -->","yoast_head_json":{"title":"Contacto - Esports Mas Sol\u00e0","robots":{"index":"index","follow":"follow","max-snippet":"max-snippet:-1","max-image-preview":"max-image-preview:large","max-video-preview":"max-video-preview:-1"},"canonical":"https:\/\/esports.massola.com\/es\/contacte\/","og_locale":"es_ES","og_type":"article","og_title":"Contacto - Esports Mas Sol\u00e0","og_description":"Contacta con nosotros Para m\u00e1s informaci\u00f3n contactar con nosotros, os prepararemos un paquete a medida de vuestras necesidades. ESTAMOS AQU\u00cd Crta. Sils Km 2 , 17430 Santa Coloma de Farners (GIRONA) TEL\u00c9FONO +34 972 840 848 MAIL sports@massola.com Instagram He llegit i accepto la pol\u00edtica de privacitat Accepto rebre comunicacions per part de lempresa gestora [&hellip;]","og_url":"https:\/\/esports.massola.com\/es\/contacte\/","og_site_name":"Esports Mas Sol\u00e0","article_modified_time":"2022-11-10T09:56:14+00:00","twitter_card":"summary_large_image","twitter_misc":{"Tiempo de lectura":"2 minutos"},"schema":{"@context":"https:\/\/schema.org","@graph":[{"@type":"WebPage","@id":"https:\/\/esports.massola.com\/es\/contacte\/","url":"https:\/\/esports.massola.com\/es\/contacte\/","name":"Contacto - Esports Mas Sol\u00e0","isPartOf":{"@id":"https:\/\/esports.massola.com\/#website"},"datePublished":"2021-12-23T05:22:31+00:00","dateModified":"2022-11-10T09:56:14+00:00","breadcrumb":{"@id":"https:\/\/esports.massola.com\/es\/contacte\/#breadcrumb"},"inLanguage":"es","potentialAction":[{"@type":"ReadAction","target":["https:\/\/esports.massola.com\/es\/contacte\/"]}]},{"@type":"BreadcrumbList","@id":"https:\/\/esports.massola.com\/es\/contacte\/#breadcrumb","itemListElement":[{"@type":"ListItem","position":1,"name":"Portada","item":"https:\/\/esports.massola.com\/es\/"},{"@type":"ListItem","position":2,"name":"Contacto"}]},{"@type":"WebSite","@id":"https:\/\/esports.massola.com\/#website","url":"https:\/\/esports.massola.com\/","name":"Esports Mas Sol\u00e0","description":"Mas Sol\u00e0 Club Esportiu","potentialAction":[{"@type":"SearchAction","target":{"@type":"EntryPoint","urlTemplate":"https:\/\/esports.massola.com\/?s={search_term_string}"},"query-input":{"@type":"PropertyValueSpecification","valueRequired":true,"valueName":"search_term_string"}}],"inLanguage":"es"}]}},"_links":{"self":[{"href":"https:\/\/esports.massola.com\/es\/wp-json\/wp\/v2\/pages\/6601","targetHints":{"allow":["GET"]}}],"collection":[{"href":"https:\/\/esports.massola.com\/es\/wp-json\/wp\/v2\/pages"}],"about":[{"href":"https:\/\/esports.massola.com\/es\/wp-json\/wp\/v2\/types\/page"}],"author":[{"embeddable":true,"href":"https:\/\/esports.massola.com\/es\/wp-json\/wp\/v2\/users\/1"}],"replies":[{"embeddable":true,"href":"https:\/\/esports.massola.com\/es\/wp-json\/wp\/v2\/comments?post=6601"}],"version-history":[{"count":6,"href":"https:\/\/esports.massola.com\/es\/wp-json\/wp\/v2\/pages\/6601\/revisions"}],"predecessor-version":[{"id":6624,"href":"https:\/\/esports.massola.com\/es\/wp-json\/wp\/v2\/pages\/6601\/revisions\/6624"}],"wp:attachment":[{"href":"https:\/\/esports.massola.com\/es\/wp-json\/wp\/v2\/media?parent=6601"}],"curies":[{"name":"wp","href":"https:\/\/api.w.org\/{rel}","templated":true}]}}